{"id":21384,"date":"2017-09-04T21:25:40","date_gmt":"2017-09-04T21:25:40","guid":{"rendered":"https:\/\/biocybernetics.de\/shop_\/agbs-2\/"},"modified":"2017-09-04T21:25:40","modified_gmt":"2017-09-04T21:25:40","slug":"agbs","status":"publish","type":"page","link":"https:\/\/biocybernetics.de\/en\/shop_\/agbs\/","title":{"rendered":"AGB\u00b4s"},"content":{"rendered":"<div class=\"wpb-content-wrapper\"><p>[vc_row][vc_column][vc_column_text]<span style=\"color: #004080; font-family: Verdana; font-size: small;\">\u00a7 1 Geltung der Bedingungen<br \/>\n1. Die Lieferungen, Leistungen und Angebote der Verk\u00e4uferin erfolgen ausschlie\u00dflich aufgrund dieser Bedingungen. Diese gelten somit auch f\u00fcr alle k\u00fcnftigen Gesch\u00e4ftsbeziehungen, auch wenn sie nicht nochmals ausdr\u00fccklich vereinbart werden. Sp\u00e4testens mit der Entgegennahme der Ware oder Leistung gelten diese Bedingungen als angenommen. Gegenbest\u00e4tigungen des K\u00e4ufers unter Hinweis auf seine Gesch\u00e4fts- bzw. Einkaufsbedingungen wird hiermit ausdr\u00fccklich widersprochen.<\/span><\/p>\n<p>2. Vereinbarungen, die zwischen der Verk\u00e4uferin und dem K\u00e4ufer zwecks Ausf\u00fchrungen dieses Vertrages getroffen werden, sind in diesem Vertrag schriftlich niederzulegen.<\/p>\n<p>\u00a7 2 Angebot und Vertragsschlu\u00df<br \/>\nDie Angebote der Verk\u00e4uferin sind freibleibend und unverbindlich. Annahmeerkl\u00e4rungen und s\u00e4mtliche Bestellungen bed\u00fcrfen zur Rechtswirksamkeit der schriftlichen oder fernschriftlichen Best\u00e4tigung der Verk\u00e4uferin<\/p>\n<p>\u00a7 3 Preise<br \/>\n1. Ma\u00dfgebend sind die in der Auftragsbest\u00e4tigung der Verk\u00e4uferin genannten Preise zzgl. der jeweiligen gesetzlichen Umsatzsteuer (alternativ: genannten Preise, die bereits die gesetzliche Umsatzsteuer enthalten). Zus\u00e4tzliche Lieferungen und Leistungen werden gesondert berechnet.<\/p>\n<p>2. Die Preise verstehen sich, falls nicht anders vereinbart, ab Lager einschlie\u00dflich normaler Verpackung.<\/p>\n<p>\u00a7 4 Liefer und Leistungszeit<br \/>\n1. Liefertermine oder -fristen, die verbindlich oder unverbindlich vereinbart werden k\u00f6nnen, bed\u00fcrfen der Schriftform.<\/p>\n<p>2. Liefer und Leistungsverz\u00f6gerungen aufgrund h\u00f6herer Gewalt und aufgrund von Ereignissen, die der Verk\u00e4uferin die Lieferung nicht nur vor\u00fcbergehend wesentlich erschweren oder unm\u00f6glich machen, hat die Verk\u00e4uferin auch bei verbindlich vereinbarten Fristen und Terminen nicht zu vertreten. Sie berechtigen die Verk\u00e4uferin, die Lieferung bzw. Leistung um die Dauer der Behinderung zzgl. einer angemessenen Anlaufzeit hinauszuschieben oder wegen des noch nicht erf\u00fcllten Teiles ganz oder teilweise vom Vertrag zur\u00fcckzutreten.<\/p>\n<p>3. Kommt der K\u00e4ufer in Annahmeverzug, ist die Verk\u00e4uferin berechtigt, Ersatz des ihr entstehenden Schadens zu verlangen; mit Eintritt des Annahmeverzuges geht die Gefahr der zuf\u00e4lligen Verschlechterung oder des zuf\u00e4lligen Unterganges der Ware oder der Leistung auf den K\u00e4ufer \u00fcber.<\/p>\n<p>\u00a7 5 Gefahr\u00fcbergang<br \/>\nDie Gefahr geht auf den K\u00e4ufer \u00fcber, sobald die Sendung an den Transport ausf\u00fchrende Personen \u00fcbergeben worden ist oder zwecks Versendung das Lager der Verk\u00e4uferin verlassen hat. Wird der Versand auf Wunsch des K\u00e4ufers verz\u00f6gert, geht die Gefahr mit der Meldung der Versandbereitschaft auf ihn \u00fcber.<\/p>\n<p>\u00a7 6 Gew\u00e4hrleistung<br \/>\n1. Die Verk\u00e4uferin gew\u00e4hrleistet, da\u00df ihre Produkte frei von Fabrikations- und Materialm\u00e4ngeln sind; die Gew\u00e4hrleistungsfrist betr\u00e4gt f\u00fcr mechanische Teile der Produkte sowie f\u00fcr elektronische Teile 24 Monate und beginnt mit dem Datum der Auslieferung.<\/p>\n<p>2. Der K\u00e4ufer muss der Verk\u00e4uferin eventuelle M\u00e4ngel unverz\u00fcglich, sp\u00e4testens jedoch innerhalb einer Woche nach Eingang des Liefergegenstandes schriftlich mitteilen. M\u00e4ngel, die auch bei sorgf\u00e4ltiger Pr\u00fcfung innerhalb dieser Frist nicht entdeckt werden k\u00f6nnen, sind der Verk\u00e4uferin unverz\u00fcglich nach Entdeckung schriftlich mitzuteilen.<\/p>\n<p>3. Im Falle einer Mitteilung des K\u00e4ufers, da\u00df die Produkte nicht der Gew\u00e4hrleistung entsprechen, verlangt die Verk\u00e4uferin nach ihrer Wahl und auf ihre Kosten, da\u00df:<\/p>\n<p>a) der schadhafte Liefergegenstand zur Reparatur und anschlie\u00dfenden R\u00fccksendung an die Verk\u00e4uferin geschickt wird;<\/p>\n<p>b) der K\u00e4ufer den schadhaften Liefergegenstand bereit h\u00e4lt und eine qualifizierte Person zum K\u00e4ufer geschickt wird, um die Reparatur vorzunehmen.<\/p>\n<p>Falls der K\u00e4ufer verlangt, da\u00df Gew\u00e4hrleistungsarbeiten an einem von ihm bestimmten Ort vorgenommen werden, kann die Verk\u00e4uferin diesem Verlangen entsprechen, wobei die unter die Gew\u00e4hrleistung fallenden Materialteile nicht berechnet werden, w\u00e4hrend die Arbeitszeit und die Reisekosten zu den Standards\u00e4tzen der Verk\u00e4uferin vom K\u00e4ufer zu verg\u00fcten sind.<\/p>\n<p>4. Die vorstehenden Abs\u00e4tze enthalten abschlie\u00dfend die Gew\u00e4hrleistung f\u00fcr die Leistungsgegenst\u00e4nde und schlie\u00dfen sonstige Gew\u00e4hrleistungsanspr\u00fcche jeglicher Art aus. Dies gilt nicht, f\u00fcr Schadensersatzanspr\u00fcche aus Eigenschaftszusicherungen.<\/p>\n<p>\u00a7 7 Eigentumsvorbehalt<br \/>\n1. Bis zur vollst\u00e4ndigen Bezahlung des Kaufpreises bleibt die Ware Eigentum der Verk\u00e4uferin. Verarbeitung oder Umbildung erfolgen stets f\u00fcr die Verk\u00e4uferin als Herstellerin, jedoch ohne Verpflichtung f\u00fcr sie. Erlischt das Eigentum der Verk\u00e4uferin durch Verbindung mit anderen Gegenst\u00e4nden, so wird bereits jetzt vereinbart, da\u00df das Eigentum der Verk\u00e4uferin an der einheitlichen Sache wertanteilsm\u00e4\u00dfig auf die Verk\u00e4uferin \u00fcbergeht. Der K\u00e4ufer verwahrt das Eigentum der Verk\u00e4uferin unentgeltlich. Ware, an der Verk\u00e4uferin Eigentum zusteht, wird im folgenden als Vorbehaltsware bezeichent.<\/p>\n<p>2. Bei Zugriffen Dritter auf die Vorbehaltsware, insbesondere durch Pf\u00e4ndung oder Zwangsvollstreckungsakte des Gerichtsvollziehers, wird der K\u00e4ufer auf das Eigentum der Verk\u00e4uferin hinweisen und diese unverz\u00fcglich benachrichtigen, damit die Verk\u00e4uferin ihre Eigentumsrechte durchsetzen kann.<\/p>\n<p>3. Bei vertragswidrigem Verhalten des K\u00e4ufers &#8211; insbesondere bei Zahlungsverzug &#8211; ist die Verk\u00e4uferin berechtigt, die Vorbehaltsware zur\u00fcckzunehmen und ggf. Abtretung der Herausgabeanspr\u00fcche des K\u00e4ufers gegen Dritte zu verlangen. In der Zur\u00fccknahme sowie in der Pf\u00e4ndung der Vorbehaltsware durch die Verk\u00e4uferin liegt kein R\u00fccktritt vom Vertrag.<\/p>\n<p>\u00a7 8 Zahlung<br \/>\n1. Die Zahlung erfolgt per Vorauskasse.<\/p>\n<p>\u00a7 9 Konstruktions\u00e4nderungen<br \/>\nDie Verk\u00e4uferin beh\u00e4lt sich das Recht vor, jederzeit Konstruktions\u00e4nderungen vorzunehmen, soweit diese die Verbesserung der Produkte unter dem Gesichtspunkt des technischen Fortschritts f\u00f6rdern. Die Verk\u00e4uferin ist jedoch nicht verpflichtet, derartige \u00c4nderungen an bereits ausgelieferten Produkten vorzunehmen.<\/p>\n<p>\u00a7 10 Geheimhaltung<br \/>\nFalls nicht ausdr\u00fccklich schriftlich etwas anderes vereinbart ist, gelten die zwischen den Vertragsparteien wechselseitig vermittelten Informationen im Zusammenhang mit Bestellungen als vertraulich.<\/p>\n<p>\u00a7 11 Haftungsbeschr\u00e4nkung<br \/>\nSchadensersatzanspr\u00fcche aus positiver Forderungsverletzung und aus unerlaubter Handlung sind sowohl gegen die Verk\u00e4uferin als auch gegen deren Erf\u00fcllungs- bzw. Verrichtungsgehilfen ausgeschlossen, soweit nicht vors\u00e4tzliches oder grob fahrl\u00e4ssiges Verhalten vorliegt. Dies gilt auch f\u00fcr Schadensersatzanspr\u00fcche wegen Nichterf\u00fcllung, allerdings nur insoweit als der Ersatz von mittelbaren oder Mangelfolgesch\u00e4den verlangt wird, es sei denn, die Haftung beruht auf einer Zusicherung, die den K\u00e4ufer gegen das Risiko von solchen Sch\u00e4den absichern soll. Jede Haftung ist auf den bei Vertragsschlu\u00df vorhersehbaren Schaden begrenzt.<\/p>\n<p>\u00a7 12 Anwendbares Recht, Gerichtsstand, Teilnichtigkeit<br \/>\n1. F\u00fcr diese Gesch\u00e4ftsbedingungen und die gesamten Rechtsbeziehungen zwischen Verk\u00e4uferin und K\u00e4ufer gilt das Recht der Bundesrepublik Deutschland in der jeweils geltenden Form.<\/p>\n<p>2. Soweit der K\u00e4ufer Vollkaufmann im Sinne des Handelsgesetzbuches, juristische Person des \u00f6ffentlichen Rechts oder \u00f6ffentlich-rechtliches Sonderverm\u00f6gen ist, ist ausschlie\u00dflicher Gerichtsstand f\u00fcr alle sich aus dem Vertragsverh\u00e4ltnis unmittelbar oder mittelbar ergebenden Streitigkeiten das Amtsgericht Br\u00fchl bzw. das Landgericht K\u00f6ln, gleichg\u00fcltig auf welcher Rechtsgrundlage Anspr\u00fcche geltend gemacht werden k\u00f6nnen.<\/p>\n<p>3. Sollte eine der Bestimmungen in diesen Gesch\u00e4ftsbedingungen oder eine Bestimmung im Rahmen sonstiger Vereinbarungen zwischen den Vetragsschlie\u00dfenden unwirksam sein oder werden, so wird hiervon die Wirksamkeit aller sonstigen Bestimmungen oder Vereinbarungen nicht ber\u00fchrt.<\/p>\n<p><span style=\"color: #004080; font-family: Verdana; font-size: small;\"><b>14 Tage Widerrufsrecht!<\/b><br \/>\nSie sind an Ihre Bestellung nicht mehr gebunden, wenn Sie in einer Frist von 2 Wochen nach Erhalt der Ware widerrufen.<br \/>\nDer Widerruf muss keine Begr\u00fcndung enthalten und schriftlich, in Textform (\u00a7126b BGB) oder durch R\u00fccksendung der Ware erfolgen. Zur Fristwahrung gen\u00fcgt die rechtzeitige Absendung des Widerrufs oder der Ware an: Biocybernetics PGmbH, Gesch\u00e4ftsf\u00fchrer Martin EWALD, Otto-Hahn-Allee 23, 50374 Erftstadt.<\/span><\/p>\n<p>Im Falle eines Widerrufs werden wir nach R\u00fcckerhalt der Ware bereits eventuell geleistete Zahlungen zur\u00fcckerstatten und ggf. gezogene Nutzungen (z.B. Gebrauchsvorteile) herausgeben.<br \/>\nSie sind verpflichtet, die Ware auf unsere Gefahr zur\u00fcckzusenden. Die Kosten f\u00fcr die R\u00fccksendung haben Sie zu tragen, wenn der Wert der zur\u00fcckgegebenen Ware einen Betrag von 40 Euro nicht \u00fcberschreitet, es sei denn, die gelieferte Ware entspricht nicht der bestellten Ware. Bitte haben Sie Verst\u00e4ndnis daf\u00fcr, dass f\u00fcr Lebensmittel (Aufbaumittel, Nahrungskonzentrate) nach \u00a7312b Abs. 3 Nr. 5 BGB ein Widerrufs- bzw. R\u00fcckgaberecht nicht besteht.[\/vc_column_text][\/vc_column][\/vc_row]<\/p>\n<\/div>","protected":false},"excerpt":{"rendered":"<p>[vc_row][vc_column][vc_column_text]\u00a7 1 Geltung der Bedingungen 1. Die Lieferungen, Leistungen und Angebote der Verk\u00e4uferin erfolgen ausschlie\u00dflich aufgrund dieser Bedingungen. Diese gelten somit auch f\u00fcr alle k\u00fcnftigen Gesch\u00e4ftsbeziehungen, auch wenn sie nicht nochmals ausdr\u00fccklich vereinbart werden. Sp\u00e4testens mit der Entgegennahme der Ware oder Leistung gelten diese Bedingungen als angenommen. Gegenbest\u00e4tigungen des K\u00e4ufers unter Hinweis auf seine Gesch\u00e4fts-&hellip;<\/p>\n","protected":false},"author":2,"featured_media":0,"parent":21006,"menu_order":0,"comment_status":"closed","ping_status":"closed","template":"","meta":{"footnotes":""},"class_list":["post-21384","page","type-page","status-publish","hentry","description-off"],"yoast_head":"<!-- This site is optimized with the Yoast SEO plugin v25.9 - https:\/\/yoast.com\/wordpress\/plugins\/seo\/ -->\n<title>AGB\u00b4s - Biocybernetics GmbH<\/title>\n<meta name=\"robots\" content=\"index, follow, max-snippet:-1, max-image-preview:large, max-video-preview:-1\" \/>\n<link rel=\"canonical\" href=\"https:\/\/biocybernetics.de\/en\/shop_\/agbs\/\" \/>\n<meta property=\"og:locale\" content=\"en_US\" \/>\n<meta property=\"og:type\" content=\"article\" \/>\n<meta property=\"og:title\" content=\"AGB\u00b4s - Biocybernetics GmbH\" \/>\n<meta property=\"og:description\" content=\"[vc_row][vc_column][vc_column_text]\u00a7 1 Geltung der Bedingungen 1. Die Lieferungen, Leistungen und Angebote der Verk\u00e4uferin erfolgen ausschlie\u00dflich aufgrund dieser Bedingungen. Diese gelten somit auch f\u00fcr alle k\u00fcnftigen Gesch\u00e4ftsbeziehungen, auch wenn sie nicht nochmals ausdr\u00fccklich vereinbart werden. Sp\u00e4testens mit der Entgegennahme der Ware oder Leistung gelten diese Bedingungen als angenommen. Gegenbest\u00e4tigungen des K\u00e4ufers unter Hinweis auf seine Gesch\u00e4fts-&hellip;\" \/>\n<meta property=\"og:url\" content=\"https:\/\/biocybernetics.de\/en\/shop_\/agbs\/\" \/>\n<meta property=\"og:site_name\" content=\"Biocybernetics GmbH\" \/>\n<meta property=\"article:publisher\" content=\"https:\/\/www.facebook.com\/BiocyberneticsDE\/\" \/>\n<meta name=\"twitter:card\" content=\"summary_large_image\" \/>\n<meta name=\"twitter:site\" content=\"@Biocybernetics_\" \/>\n<meta name=\"twitter:label1\" content=\"Est. reading time\" \/>\n\t<meta name=\"twitter:data1\" content=\"6 minutes\" \/>\n<script type=\"application\/ld+json\" class=\"yoast-schema-graph\">{\"@context\":\"https:\/\/schema.org\",\"@graph\":[{\"@type\":\"WebPage\",\"@id\":\"https:\/\/biocybernetics.de\/en\/shop_\/agbs\/\",\"url\":\"https:\/\/biocybernetics.de\/en\/shop_\/agbs\/\",\"name\":\"AGB\u00b4s - Biocybernetics GmbH\",\"isPartOf\":{\"@id\":\"https:\/\/biocybernetics.de\/en\/#website\"},\"datePublished\":\"2017-09-04T21:25:40+00:00\",\"breadcrumb\":{\"@id\":\"https:\/\/biocybernetics.de\/en\/shop_\/agbs\/#breadcrumb\"},\"inLanguage\":\"en-US\",\"potentialAction\":[{\"@type\":\"ReadAction\",\"target\":[\"https:\/\/biocybernetics.de\/en\/shop_\/agbs\/\"]}]},{\"@type\":\"BreadcrumbList\",\"@id\":\"https:\/\/biocybernetics.de\/en\/shop_\/agbs\/#breadcrumb\",\"itemListElement\":[{\"@type\":\"ListItem\",\"position\":1,\"name\":\"Startseite\",\"item\":\"https:\/\/biocybernetics.de\/en\/\"},{\"@type\":\"ListItem\",\"position\":2,\"name\":\"SHOP\",\"item\":\"https:\/\/biocybernetics.de\/en\/shop_\/\"},{\"@type\":\"ListItem\",\"position\":3,\"name\":\"AGB\u00b4s\"}]},{\"@type\":\"WebSite\",\"@id\":\"https:\/\/biocybernetics.de\/en\/#website\",\"url\":\"https:\/\/biocybernetics.de\/en\/\",\"name\":\"Biocybernetics GmbH\",\"description\":\"Innovative Nahrungserg\u00e4nzung seit 1988\",\"publisher\":{\"@id\":\"https:\/\/biocybernetics.de\/en\/#organization\"},\"potentialAction\":[{\"@type\":\"SearchAction\",\"target\":{\"@type\":\"EntryPoint\",\"urlTemplate\":\"https:\/\/biocybernetics.de\/en\/?s={search_term_string}\"},\"query-input\":{\"@type\":\"PropertyValueSpecification\",\"valueRequired\":true,\"valueName\":\"search_term_string\"}}],\"inLanguage\":\"en-US\"},{\"@type\":\"Organization\",\"@id\":\"https:\/\/biocybernetics.de\/en\/#organization\",\"name\":\"Biocybernetics GmbH\",\"alternateName\":\"Biocybernetics\",\"url\":\"https:\/\/biocybernetics.de\/en\/\",\"logo\":{\"@type\":\"ImageObject\",\"inLanguage\":\"en-US\",\"@id\":\"https:\/\/biocybernetics.de\/en\/#\/schema\/logo\/image\/\",\"url\":\"https:\/\/biocybernetics.de\/wp-content\/uploads\/BIO-ORIG-PRASI.png\",\"contentUrl\":\"https:\/\/biocybernetics.de\/wp-content\/uploads\/BIO-ORIG-PRASI.png\",\"width\":501,\"height\":165,\"caption\":\"Biocybernetics GmbH\"},\"image\":{\"@id\":\"https:\/\/biocybernetics.de\/en\/#\/schema\/logo\/image\/\"},\"sameAs\":[\"https:\/\/www.facebook.com\/BiocyberneticsDE\/\",\"https:\/\/x.com\/Biocybernetics_\",\"https:\/\/www.instagram.com\/biocybernetics\/\"]}]}<\/script>\n<!-- \/ Yoast SEO plugin. -->","yoast_head_json":{"title":"AGB\u00b4s - Biocybernetics GmbH","robots":{"index":"index","follow":"follow","max-snippet":"max-snippet:-1","max-image-preview":"max-image-preview:large","max-video-preview":"max-video-preview:-1"},"canonical":"https:\/\/biocybernetics.de\/en\/shop_\/agbs\/","og_locale":"en_US","og_type":"article","og_title":"AGB\u00b4s - Biocybernetics GmbH","og_description":"[vc_row][vc_column][vc_column_text]\u00a7 1 Geltung der Bedingungen 1. Die Lieferungen, Leistungen und Angebote der Verk\u00e4uferin erfolgen ausschlie\u00dflich aufgrund dieser Bedingungen. Diese gelten somit auch f\u00fcr alle k\u00fcnftigen Gesch\u00e4ftsbeziehungen, auch wenn sie nicht nochmals ausdr\u00fccklich vereinbart werden. Sp\u00e4testens mit der Entgegennahme der Ware oder Leistung gelten diese Bedingungen als angenommen. Gegenbest\u00e4tigungen des K\u00e4ufers unter Hinweis auf seine Gesch\u00e4fts-&hellip;","og_url":"https:\/\/biocybernetics.de\/en\/shop_\/agbs\/","og_site_name":"Biocybernetics GmbH","article_publisher":"https:\/\/www.facebook.com\/BiocyberneticsDE\/","twitter_card":"summary_large_image","twitter_site":"@Biocybernetics_","twitter_misc":{"Est. reading time":"6 minutes"},"schema":{"@context":"https:\/\/schema.org","@graph":[{"@type":"WebPage","@id":"https:\/\/biocybernetics.de\/en\/shop_\/agbs\/","url":"https:\/\/biocybernetics.de\/en\/shop_\/agbs\/","name":"AGB\u00b4s - Biocybernetics GmbH","isPartOf":{"@id":"https:\/\/biocybernetics.de\/en\/#website"},"datePublished":"2017-09-04T21:25:40+00:00","breadcrumb":{"@id":"https:\/\/biocybernetics.de\/en\/shop_\/agbs\/#breadcrumb"},"inLanguage":"en-US","potentialAction":[{"@type":"ReadAction","target":["https:\/\/biocybernetics.de\/en\/shop_\/agbs\/"]}]},{"@type":"BreadcrumbList","@id":"https:\/\/biocybernetics.de\/en\/shop_\/agbs\/#breadcrumb","itemListElement":[{"@type":"ListItem","position":1,"name":"Startseite","item":"https:\/\/biocybernetics.de\/en\/"},{"@type":"ListItem","position":2,"name":"SHOP","item":"https:\/\/biocybernetics.de\/en\/shop_\/"},{"@type":"ListItem","position":3,"name":"AGB\u00b4s"}]},{"@type":"WebSite","@id":"https:\/\/biocybernetics.de\/en\/#website","url":"https:\/\/biocybernetics.de\/en\/","name":"Biocybernetics GmbH","description":"Innovative Nahrungserg\u00e4nzung seit 1988","publisher":{"@id":"https:\/\/biocybernetics.de\/en\/#organization"},"potentialAction":[{"@type":"SearchAction","target":{"@type":"EntryPoint","urlTemplate":"https:\/\/biocybernetics.de\/en\/?s={search_term_string}"},"query-input":{"@type":"PropertyValueSpecification","valueRequired":true,"valueName":"search_term_string"}}],"inLanguage":"en-US"},{"@type":"Organization","@id":"https:\/\/biocybernetics.de\/en\/#organization","name":"Biocybernetics GmbH","alternateName":"Biocybernetics","url":"https:\/\/biocybernetics.de\/en\/","logo":{"@type":"ImageObject","inLanguage":"en-US","@id":"https:\/\/biocybernetics.de\/en\/#\/schema\/logo\/image\/","url":"https:\/\/biocybernetics.de\/wp-content\/uploads\/BIO-ORIG-PRASI.png","contentUrl":"https:\/\/biocybernetics.de\/wp-content\/uploads\/BIO-ORIG-PRASI.png","width":501,"height":165,"caption":"Biocybernetics GmbH"},"image":{"@id":"https:\/\/biocybernetics.de\/en\/#\/schema\/logo\/image\/"},"sameAs":["https:\/\/www.facebook.com\/BiocyberneticsDE\/","https:\/\/x.com\/Biocybernetics_","https:\/\/www.instagram.com\/biocybernetics\/"]}]}},"_links":{"self":[{"href":"https:\/\/biocybernetics.de\/en\/wp-json\/wp\/v2\/pages\/21384","targetHints":{"allow":["GET"]}}],"collection":[{"href":"https:\/\/biocybernetics.de\/en\/wp-json\/wp\/v2\/pages"}],"about":[{"href":"https:\/\/biocybernetics.de\/en\/wp-json\/wp\/v2\/types\/page"}],"author":[{"embeddable":true,"href":"https:\/\/biocybernetics.de\/en\/wp-json\/wp\/v2\/users\/2"}],"replies":[{"embeddable":true,"href":"https:\/\/biocybernetics.de\/en\/wp-json\/wp\/v2\/comments?post=21384"}],"version-history":[{"count":0,"href":"https:\/\/biocybernetics.de\/en\/wp-json\/wp\/v2\/pages\/21384\/revisions"}],"up":[{"embeddable":true,"href":"https:\/\/biocybernetics.de\/en\/wp-json\/wp\/v2\/pages\/21006"}],"wp:attachment":[{"href":"https:\/\/biocybernetics.de\/en\/wp-json\/wp\/v2\/media?parent=21384"}],"curies":[{"name":"wp","href":"https:\/\/api.w.org\/{rel}","templated":true}]}}