{"id":21242,"date":"2017-08-13T11:02:01","date_gmt":"2017-08-13T11:02:01","guid":{"rendered":"https:\/\/biocybernetics.de\/unik-gegen-haarausfall\/"},"modified":"2017-08-13T11:02:01","modified_gmt":"2017-08-13T11:02:01","slug":"unik-gegen-haarausfall","status":"publish","type":"page","link":"https:\/\/biocybernetics.de\/en\/unik-gegen-haarausfall\/","title":{"rendered":"UNIK HAIR &#8211; SHAMPOO &#038; HAIR TONIC gegen Haarausfall"},"content":{"rendered":"<div class=\"wpb-content-wrapper\"><p>[vc_row][vc_column][vc_column_text]<\/p>\n<h1 style=\"text-align: center;\">UNIK &#8211; <span style=\"color: #a0848e;\">HAIR SHAMPOO<\/span> &amp; <span style=\"color: #b8863f;\">HAIR TONIC<\/span><\/h1>\n<p>[\/vc_column_text][vc_empty_space][vc_row_inner][vc_column_inner width=&#8221;1\/4&#8243;][vc_single_image image=&#8221;15185&#8243; img_size=&#8221;medium&#8221;][\/vc_column_inner][vc_column_inner width=&#8221;1\/2&#8243;][vc_empty_space][vc_column_text]<\/p>\n<p style=\"text-align: justify;\">F\u00fchrende Kosmetiker sagen \u00fcber UNIK\u00ae HAIR TONIC, da\u00df es den Haarausfall tats\u00e4chlich stoppt. Eine Kundin schreibt in Ihrem Brief: \u201e&#8230;da\u00df es endlich meinen Haarausfall beseitigt hat!\u201c Wieviel Erleichterung in dem kleinen Wort \u201eendlich\u201c liegt, kann nur der ermessen, dem sein Haarausfall ebenfalls schon gro\u00dfen Kummer bereitet. UNIK\u00ae HAIR TONIC ist in Deutschland patentiert! UNIK\u00ae HAIR TONIC und UNIK\u00ae HAIR SHAMPOO wurden von deutschen und indischen Wissenschaftlern speziell f\u00fcr die Erhaltung des Haares entwickelt mit Naturextrakten, die sich optimal erg\u00e4nzen.<\/p>\n<p>[\/vc_column_text][\/vc_column_inner][vc_column_inner width=&#8221;1\/4&#8243;][vc_single_image image=&#8221;15186&#8243; img_size=&#8221;medium&#8221;][\/vc_column_inner][\/vc_row_inner][vc_empty_space][vc_row_inner][vc_column_inner][vc_column_text]<\/p>\n<h2 style=\"text-align: justify;\">Was bieten UNIK\u00ae PRODUCTS ?<\/h2>\n<p style=\"text-align: justify;\">Mit seinen Naturextrakten versorgt UNIK\u00ae HAIR TONIC das Haar mit der lebenswichtigen Nahrung. Das Haar besteht aus Keratin, d.h. aus Aminos\u00e4uren. UNIK\u00ae HAIR TONIC enth\u00e4lt solche Aminos\u00e4uren, die die Bildung des Keratins f\u00f6rdern. UNIK\u00ae HAIR TONIC enth\u00e4lt zudem noch Stoffe, die die Durchblutung der Haarwurzeln anregen. Panthenol hilft bei br\u00fcchigem Haar und erh\u00f6ht die Rei\u00dffestigkeit. Vitamin-E-acetat wirkt <img loading=\"lazy\" decoding=\"async\" class=\"size-medium wp-image-15133 alignright\" src=\"http:\/\/biocybernetics.de\/wp-content\/uploads\/unik-logo-300x122.jpg\" alt=\"UNIK\" width=\"300\" height=\"122\" srcset=\"https:\/\/biocybernetics.de\/wp-content\/uploads\/unik-logo-300x122.jpg 300w, https:\/\/biocybernetics.de\/wp-content\/uploads\/unik-logo.jpg 369w\" sizes=\"auto, (max-width: 300px) 100vw, 300px\" \/>entz\u00fcndungshemmend und sch\u00fctzt die Kopfhaut vor Sonnenstrahlen und der t\u00e4glichen Umweltbelastung. Pirocton Olamin bek\u00e4mpft Schuppen und Juckreiz. F\u00fcr eine gesunde Kopfhaut sorgt reines Heilpflanzen\u00f6l, das aus einer seit Jahrtausenden in Indien in der Volksmedizin bew\u00e4hrten Heilpflanze isoliert wurde. Der Wissenschaft ist diese Pflanze unter der Bezeichnung \u201ePsoralea corylifolia Linn\u201c bekannt. Diese dort gegen Hautprobleme verwendete Pflanze, harmonisch mit unseren heimischen Kr\u00e4utern Brennessel, Schafgarbe, Salbei, Huflatich, Rosmarin und mit anderen Wirkstoffen verbunden, hilft bei Kopfjucken, wirkt antibakteriell und regeneriert die Epidermis.<\/p>\n<p>[\/vc_column_text][\/vc_column_inner][\/vc_row_inner][vc_empty_space][\/vc_column][\/vc_row][vc_row][vc_column width=&#8221;1\/4&#8243;][vc_single_image image=&#8221;15198&#8243; img_size=&#8221;medium&#8221; onclick=&#8221;link_image&#8221;][\/vc_column][vc_column width=&#8221;3\/4&#8243;][vc_column_text]<\/p>\n<h3>Zwei bew\u00e4hrte Partner<\/h3>\n<p>[\/vc_column_text][vc_empty_space height=&#8221;10px&#8221;][vc_column_text]<\/p>\n<p style=\"text-align: justify;\">F\u00fcr eine gesunde Kopfhaut sorgt reines Heilpflanzen\u00f6l, das aus einer seit Jahrtausenden in Indien in der Volksmedizin bew\u00e4hrten Heilpflanze isoliert wurde. Der Wissenschaft ist diese Pflanze unter der Bezeichnung \u201ePsoralea corylifolia Linn\u201c bekannt. Diese dort gegen Hautprobleme verwendete Pflanze, harmonisch mit unseren heimischen Kr\u00e4utern Brennessel, Schafgarbe, Salbei, Huflatich, Rosmarin und mit anderen Wirkstoffen verbunden, hilft bei Kopfjucken, wirkt antibakteriell und regeneriert die Epidermis.<\/p>\n<p>[\/vc_column_text][\/vc_column][\/vc_row][vc_row][vc_column][vc_column_text css=&#8221;.vc_custom_1503838053306{padding-bottom: -10px !important;}&#8221;]<\/p>\n<h1 style=\"text-align: left;\">UNIK &#8211; <span style=\"color: #a0848e;\">HAIR SHAMPOO<\/span><\/h1>\n<p>[\/vc_column_text][vc_column_text]<\/p>\n<h3 style=\"text-align: left;\"><span class=\"color-base-transparent\"><b> Haarpflege mit dem bew\u00e4hrten indischen Pflanzen\u00f6l<br \/>\n<\/b><\/span><\/h3>\n<p>[\/vc_column_text][\/vc_column][\/vc_row][vc_row][vc_column width=&#8221;1\/3&#8243;][vc_single_image image=&#8221;15192&#8243; img_size=&#8221;medium&#8221; onclick=&#8221;link_image&#8221;][\/vc_column][vc_column width=&#8221;1\/3&#8243;][vc_column_text]Die Wirkung von UNIK\u00ae HAIR SHAMPOO<\/p>\n<p>\u2022 das indische Pflanzen\u00f6l reinigt die Kopfhaut<br \/>\n\u2022 die heimischen Pflanzenextrakte, sinnvoll erg\u00e4nzt<br \/>\ndurch die anderen Substanzen, erhalten die Kopfhaut<br \/>\ngesund, f\u00f6rdern die Durchblutung und tonisieren<br \/>\nden Haarboden.<br \/>\n\u2022 die speziell ausgew\u00e4hlten und in einem bestimmten<br \/>\nVerh\u00e4ltnis gemischten Aminos\u00e4uren f\u00f6rdern die<br \/>\nBildung von Keratin, aus dem das Haar besteht<br \/>\n\u2022 Panthenol und Vitamin-E-acetat erh\u00f6hen die Rei\u00dffestigkeit,<br \/>\npflegen und sch\u00fctzen das Haar.[\/vc_column_text][\/vc_column][vc_column width=&#8221;1\/3&#8243;][vc_single_image image=&#8221;15139&#8243; img_size=&#8221;full&#8221;][vc_column_text]In 6 Wochen reduziert UNIK\u00ae HAIR SHAMPOO die Schuppen auf ca. 10%.[\/vc_column_text][\/vc_column][\/vc_row][vc_row][vc_column width=&#8221;4\/6&#8243;][vc_column_text]Anwendung des UNIK\u00ae HAIR SHAMPOO<br \/>\nFeuchten Sie Ihr Haar erst mit klarem, lauwarmem Wasser an. Geben Sie dann eine angemessene Portion UNIK\u00ae HAIR SHAMPOO in die Handfl\u00e4che und verteilen Sie sie gleichm\u00e4\u00dfig \u00fcber das Haar, am besten gleich 2 Minuten lang, in Form einer leichten Massage. Nur 2 Minuten einwirken lassen.<br \/>\nSp\u00fclen Sie dann das Haar gut mit lauwarmem Wasser, damit keine Shampooreste zur\u00fcckbleiben. Zum Schlu\u00df Haar und Kopfhaut sanft frottieren.<br \/>\nEs empfiehlt sich, das Haar zweimal w\u00f6chentlich mit UNIK\u00ae HAIR SHAMPOO zu waschen![\/vc_column_text][\/vc_column][vc_column width=&#8221;1\/6&#8243;][vc_single_image image=&#8221;15169&#8243; onclick=&#8221;link_image&#8221;][\/vc_column][vc_column width=&#8221;1\/6&#8243;][vc_single_image image=&#8221;15189&#8243; onclick=&#8221;link_image&#8221;][\/vc_column][\/vc_row][vc_row][vc_column][vc_column_text css=&#8221;.vc_custom_1503839854547{padding-bottom: -10px !important;}&#8221;]<\/p>\n<h1 style=\"text-align: left;\">UNIK &#8211; <span style=\"color: #a0848e;\"><span style=\"color: #b8863f;\">HAIR TONIC<\/span><br \/>\n<\/span><\/h1>\n<p>[\/vc_column_text][vc_column_text]<\/p>\n<h3 style=\"text-align: left;\"><span class=\"color-base-transparent\"><b>Bewahren Sie sich Ihr Haar mit UNIK Tonic<br \/>\n<\/b><\/span><\/h3>\n<p>[\/vc_column_text][\/vc_column][\/vc_row][vc_row][vc_column width=&#8221;1\/3&#8243;][vc_single_image image=&#8221;15193&#8243; img_size=&#8221;medium&#8221; onclick=&#8221;link_image&#8221;][\/vc_column][vc_column width=&#8221;1\/3&#8243;][vc_column_text]Die Wirkung von UNIK\u00ae HAIR TONIC<\/p>\n<p>\u2022 das indische Pflanzen\u00f6l reinigt die Kopfhaut<br \/>\n\u2022 die heimischen Pflanzenextrakte, sinnvoll erg\u00e4nzt<br \/>\ndurch die anderen Substanzen, erhalten die Kopfhaut<br \/>\ngesund, f\u00f6rdern die Durchblutung und tonisieren<br \/>\nden Haarboden.<br \/>\n\u2022 die speziell ausgew\u00e4hlten und in einem bestimmten<br \/>\nVerh\u00e4ltnis gemischten Aminos\u00e4uren f\u00f6rdern die<br \/>\nBildung von Keratin, aus dem das Haar besteht<br \/>\n\u2022 Panthenol und Vitamin-E-acetat erh\u00f6hen die Rei\u00dffestigkeit,<br \/>\npflegen und sch\u00fctzen das Haar.[\/vc_column_text][\/vc_column][vc_column width=&#8221;1\/3&#8243;][vc_single_image image=&#8221;15138&#8243; img_size=&#8221;full&#8221;][vc_column_text]In 6 Wochen reduziert UNIK\u00ae HAIR TONIC den Haarausfall um ca. 40%.[\/vc_column_text][\/vc_column][\/vc_row][vc_row][vc_column width=&#8221;4\/6&#8243;][vc_column_text]<\/p>\n<p style=\"text-align: justify;\">Anwendung des UNIK\u00ae HAIR TONIC:<\/p>\n<p style=\"text-align: justify;\">Massieren Sie t\u00e4glich morgens und abends mindestens 30 Tropfen etwa 2 Minuten lang in die Kopfhaut, und zwar am besten von der Stirn zum Hinterkopf. Setzen Sie die Fingerspitzen fest auf und verschieben Sie die Kopfhaut mit kreisenden Bewegungen gegen den Sch\u00e4delknochen. Die Fingerkuppen sollen dabei auf einer Stelle bleiben und beim Weitermassieren immer wieder neu aufgesetzt werden. Sie sp\u00fcren dann sicher schon bald eine prickelnde Frische, das Zeichen guter Durchblutung! Benutzen Sie UNIK\u00ae HAIR TONIC regelm\u00e4\u00dfig, haben Sie ein wenig Geduld, und der Erfolg wird sichtbar.<\/p>\n<p>[\/vc_column_text][\/vc_column][vc_column width=&#8221;1\/6&#8243;][vc_single_image image=&#8221;15194&#8243; onclick=&#8221;link_image&#8221;][\/vc_column][vc_column width=&#8221;1\/6&#8243;][vc_single_image image=&#8221;15195&#8243; onclick=&#8221;link_image&#8221;][\/vc_column][\/vc_row][vc_row][vc_column][vc_column_text]<\/p>\n<p style=\"text-align: justify;\">Diejenigen die sagen, die Leute s\u00e4hen erst auf den Charakter, t\u00e4uschen sich selbst. Es ist die \u00e4u\u00dfere Erscheinung, die den Blick zuerst anzieht! Alles andere mag sp\u00e4ter ins Gewicht fallen. Also kommt der \u00e4u\u00dferen Erscheinung eine gro\u00dfe Bedeutung zu. Und was au\u00dfer einem netten, sympathischen Gesicht, zieht den Blick sofort an? Ganz eindeutig das Haar! Wenn man wei\u00df, da\u00df rund 70% der Leserbriefe an Frauenzeitschriften sich auf das Haar beziehen, so wird ganz klar, worauf der gr\u00f6\u00dfte Wert gelegt wird und was oft Kummer bereitet. Wenn das Haar erst v\u00f6llig verloren ist, bringt es niemand wieder zur\u00fcck. Also ist es ein Gebot der Klugheit, es zu bewahren durch eine rechtzeitige Behandlung mit UNIK\u00ae PRODUCTS. Die kleine, aber st\u00e4ndige Aufmerksamkeit, die Sie Ihrem Haar angedeihen lassen, wird belohnt durch alles, was sch\u00f6nes und gesundes Haar seinem Besitzer schenkt: Sicherheit im Auftreten, schneller gewonnene Sympathien und mehr Lebensgl\u00fcck! Millionen leiden unter Haarverlust, von dem in erster Linie ja die M\u00e4nner betroffen sind. Bei Frauen tritt dieses Problem erst beim \u00c4lterwerden auf. Ernstzunehmen ist u.a. Alopecia areata, bei der Haarverlust an isolierten Stellen auftritt und sich allm\u00e4hlich zum kompletten Haarverlust ausweiten kann.<\/p>\n<p>[\/vc_column_text][\/vc_column][\/vc_row]<\/p>\n<\/div>","protected":false},"excerpt":{"rendered":"<p>[vc_row][vc_column][vc_column_text] UNIK &#8211; HAIR SHAMPOO &amp; HAIR TONIC [\/vc_column_text][vc_empty_space][vc_row_inner][vc_column_inner width=&#8221;1\/4&#8243;][vc_single_image image=&#8221;15185&#8243; img_size=&#8221;medium&#8221;][\/vc_column_inner][vc_column_inner width=&#8221;1\/2&#8243;][vc_empty_space][vc_column_text] F\u00fchrende Kosmetiker sagen \u00fcber UNIK\u00ae HAIR TONIC, da\u00df es den Haarausfall tats\u00e4chlich stoppt. Eine Kundin schreibt in Ihrem Brief: \u201e&#8230;da\u00df es endlich meinen Haarausfall beseitigt hat!\u201c Wieviel Erleichterung in dem kleinen Wort \u201eendlich\u201c liegt, kann nur der ermessen, dem sein Haarausfall ebenfalls&hellip;<\/p>\n","protected":false},"author":2,"featured_media":21054,"parent":0,"menu_order":0,"comment_status":"closed","ping_status":"closed","template":"template-microsite.php","meta":{"footnotes":""},"class_list":["post-21242","page","type-page","status-publish","has-post-thumbnail","hentry","description-off"],"yoast_head":"<!-- This site is optimized with the Yoast SEO plugin v25.9 - https:\/\/yoast.com\/wordpress\/plugins\/seo\/ -->\n<title>UNIK HAIR - SHAMPOO &amp; HAIR TONIC gegen Haarausfall - Biocybernetics GmbH<\/title>\n<meta name=\"robots\" content=\"index, follow, max-snippet:-1, max-image-preview:large, max-video-preview:-1\" \/>\n<link rel=\"canonical\" href=\"https:\/\/biocybernetics.de\/en\/unik-gegen-haarausfall\/\" \/>\n<meta property=\"og:locale\" content=\"en_US\" \/>\n<meta property=\"og:type\" content=\"article\" \/>\n<meta property=\"og:title\" content=\"UNIK HAIR - SHAMPOO &amp; HAIR TONIC gegen Haarausfall - Biocybernetics GmbH\" \/>\n<meta property=\"og:description\" content=\"[vc_row][vc_column][vc_column_text] UNIK &#8211; HAIR SHAMPOO &amp; HAIR TONIC [\/vc_column_text][vc_empty_space][vc_row_inner][vc_column_inner width=&#8221;1\/4&#8243;][vc_single_image image=&#8221;15185&#8243; img_size=&#8221;medium&#8221;][\/vc_column_inner][vc_column_inner width=&#8221;1\/2&#8243;][vc_empty_space][vc_column_text] F\u00fchrende Kosmetiker sagen \u00fcber UNIK\u00ae HAIR TONIC, da\u00df es den Haarausfall tats\u00e4chlich stoppt. Eine Kundin schreibt in Ihrem Brief: \u201e&#8230;da\u00df es endlich meinen Haarausfall beseitigt hat!\u201c Wieviel Erleichterung in dem kleinen Wort \u201eendlich\u201c liegt, kann nur der ermessen, dem sein Haarausfall ebenfalls&hellip;\" \/>\n<meta property=\"og:url\" content=\"https:\/\/biocybernetics.de\/en\/unik-gegen-haarausfall\/\" \/>\n<meta property=\"og:site_name\" content=\"Biocybernetics GmbH\" \/>\n<meta property=\"article:publisher\" content=\"https:\/\/www.facebook.com\/BiocyberneticsDE\/\" \/>\n<meta property=\"og:image\" content=\"https:\/\/biocybernetics.de\/wp-content\/uploads\/unik-logo_2x2.png\" \/>\n\t<meta property=\"og:image:width\" content=\"200\" \/>\n\t<meta property=\"og:image:height\" content=\"200\" \/>\n\t<meta property=\"og:image:type\" content=\"image\/png\" \/>\n<meta name=\"twitter:card\" content=\"summary_large_image\" \/>\n<meta name=\"twitter:site\" content=\"@Biocybernetics_\" \/>\n<meta name=\"twitter:label1\" content=\"Est. reading time\" \/>\n\t<meta name=\"twitter:data1\" content=\"6 minutes\" \/>\n<script type=\"application\/ld+json\" class=\"yoast-schema-graph\">{\"@context\":\"https:\/\/schema.org\",\"@graph\":[{\"@type\":\"WebPage\",\"@id\":\"https:\/\/biocybernetics.de\/en\/unik-gegen-haarausfall\/\",\"url\":\"https:\/\/biocybernetics.de\/en\/unik-gegen-haarausfall\/\",\"name\":\"UNIK HAIR - SHAMPOO & HAIR TONIC gegen Haarausfall - Biocybernetics GmbH\",\"isPartOf\":{\"@id\":\"https:\/\/biocybernetics.de\/en\/#website\"},\"primaryImageOfPage\":{\"@id\":\"https:\/\/biocybernetics.de\/en\/unik-gegen-haarausfall\/#primaryimage\"},\"image\":{\"@id\":\"https:\/\/biocybernetics.de\/en\/unik-gegen-haarausfall\/#primaryimage\"},\"thumbnailUrl\":\"https:\/\/biocybernetics.de\/wp-content\/uploads\/unik-logo_2x2.png\",\"datePublished\":\"2017-08-13T11:02:01+00:00\",\"breadcrumb\":{\"@id\":\"https:\/\/biocybernetics.de\/en\/unik-gegen-haarausfall\/#breadcrumb\"},\"inLanguage\":\"en-US\",\"potentialAction\":[{\"@type\":\"ReadAction\",\"target\":[\"https:\/\/biocybernetics.de\/en\/unik-gegen-haarausfall\/\"]}]},{\"@type\":\"ImageObject\",\"inLanguage\":\"en-US\",\"@id\":\"https:\/\/biocybernetics.de\/en\/unik-gegen-haarausfall\/#primaryimage\",\"url\":\"https:\/\/biocybernetics.de\/wp-content\/uploads\/unik-logo_2x2.png\",\"contentUrl\":\"https:\/\/biocybernetics.de\/wp-content\/uploads\/unik-logo_2x2.png\",\"width\":200,\"height\":200,\"caption\":\"Logo Unik Hair\"},{\"@type\":\"BreadcrumbList\",\"@id\":\"https:\/\/biocybernetics.de\/en\/unik-gegen-haarausfall\/#breadcrumb\",\"itemListElement\":[{\"@type\":\"ListItem\",\"position\":1,\"name\":\"Startseite\",\"item\":\"https:\/\/biocybernetics.de\/en\/\"},{\"@type\":\"ListItem\",\"position\":2,\"name\":\"UNIK HAIR &#8211; SHAMPOO &#038; HAIR TONIC gegen Haarausfall\"}]},{\"@type\":\"WebSite\",\"@id\":\"https:\/\/biocybernetics.de\/en\/#website\",\"url\":\"https:\/\/biocybernetics.de\/en\/\",\"name\":\"Biocybernetics GmbH\",\"description\":\"Innovative Nahrungserg\u00e4nzung seit 1988\",\"publisher\":{\"@id\":\"https:\/\/biocybernetics.de\/en\/#organization\"},\"potentialAction\":[{\"@type\":\"SearchAction\",\"target\":{\"@type\":\"EntryPoint\",\"urlTemplate\":\"https:\/\/biocybernetics.de\/en\/?s={search_term_string}\"},\"query-input\":{\"@type\":\"PropertyValueSpecification\",\"valueRequired\":true,\"valueName\":\"search_term_string\"}}],\"inLanguage\":\"en-US\"},{\"@type\":\"Organization\",\"@id\":\"https:\/\/biocybernetics.de\/en\/#organization\",\"name\":\"Biocybernetics GmbH\",\"alternateName\":\"Biocybernetics\",\"url\":\"https:\/\/biocybernetics.de\/en\/\",\"logo\":{\"@type\":\"ImageObject\",\"inLanguage\":\"en-US\",\"@id\":\"https:\/\/biocybernetics.de\/en\/#\/schema\/logo\/image\/\",\"url\":\"https:\/\/biocybernetics.de\/wp-content\/uploads\/BIO-ORIG-PRASI.png\",\"contentUrl\":\"https:\/\/biocybernetics.de\/wp-content\/uploads\/BIO-ORIG-PRASI.png\",\"width\":501,\"height\":165,\"caption\":\"Biocybernetics GmbH\"},\"image\":{\"@id\":\"https:\/\/biocybernetics.de\/en\/#\/schema\/logo\/image\/\"},\"sameAs\":[\"https:\/\/www.facebook.com\/BiocyberneticsDE\/\",\"https:\/\/x.com\/Biocybernetics_\",\"https:\/\/www.instagram.com\/biocybernetics\/\"]}]}<\/script>\n<!-- \/ Yoast SEO plugin. -->","yoast_head_json":{"title":"UNIK HAIR - SHAMPOO & HAIR TONIC gegen Haarausfall - Biocybernetics GmbH","robots":{"index":"index","follow":"follow","max-snippet":"max-snippet:-1","max-image-preview":"max-image-preview:large","max-video-preview":"max-video-preview:-1"},"canonical":"https:\/\/biocybernetics.de\/en\/unik-gegen-haarausfall\/","og_locale":"en_US","og_type":"article","og_title":"UNIK HAIR - SHAMPOO & HAIR TONIC gegen Haarausfall - Biocybernetics GmbH","og_description":"[vc_row][vc_column][vc_column_text] UNIK &#8211; HAIR SHAMPOO &amp; HAIR TONIC [\/vc_column_text][vc_empty_space][vc_row_inner][vc_column_inner width=&#8221;1\/4&#8243;][vc_single_image image=&#8221;15185&#8243; img_size=&#8221;medium&#8221;][\/vc_column_inner][vc_column_inner width=&#8221;1\/2&#8243;][vc_empty_space][vc_column_text] F\u00fchrende Kosmetiker sagen \u00fcber UNIK\u00ae HAIR TONIC, da\u00df es den Haarausfall tats\u00e4chlich stoppt. Eine Kundin schreibt in Ihrem Brief: \u201e&#8230;da\u00df es endlich meinen Haarausfall beseitigt hat!\u201c Wieviel Erleichterung in dem kleinen Wort \u201eendlich\u201c liegt, kann nur der ermessen, dem sein Haarausfall ebenfalls&hellip;","og_url":"https:\/\/biocybernetics.de\/en\/unik-gegen-haarausfall\/","og_site_name":"Biocybernetics GmbH","article_publisher":"https:\/\/www.facebook.com\/BiocyberneticsDE\/","og_image":[{"width":200,"height":200,"url":"https:\/\/biocybernetics.de\/wp-content\/uploads\/unik-logo_2x2.png","type":"image\/png"}],"twitter_card":"summary_large_image","twitter_site":"@Biocybernetics_","twitter_misc":{"Est. reading time":"6 minutes"},"schema":{"@context":"https:\/\/schema.org","@graph":[{"@type":"WebPage","@id":"https:\/\/biocybernetics.de\/en\/unik-gegen-haarausfall\/","url":"https:\/\/biocybernetics.de\/en\/unik-gegen-haarausfall\/","name":"UNIK HAIR - SHAMPOO & HAIR TONIC gegen Haarausfall - Biocybernetics GmbH","isPartOf":{"@id":"https:\/\/biocybernetics.de\/en\/#website"},"primaryImageOfPage":{"@id":"https:\/\/biocybernetics.de\/en\/unik-gegen-haarausfall\/#primaryimage"},"image":{"@id":"https:\/\/biocybernetics.de\/en\/unik-gegen-haarausfall\/#primaryimage"},"thumbnailUrl":"https:\/\/biocybernetics.de\/wp-content\/uploads\/unik-logo_2x2.png","datePublished":"2017-08-13T11:02:01+00:00","breadcrumb":{"@id":"https:\/\/biocybernetics.de\/en\/unik-gegen-haarausfall\/#breadcrumb"},"inLanguage":"en-US","potentialAction":[{"@type":"ReadAction","target":["https:\/\/biocybernetics.de\/en\/unik-gegen-haarausfall\/"]}]},{"@type":"ImageObject","inLanguage":"en-US","@id":"https:\/\/biocybernetics.de\/en\/unik-gegen-haarausfall\/#primaryimage","url":"https:\/\/biocybernetics.de\/wp-content\/uploads\/unik-logo_2x2.png","contentUrl":"https:\/\/biocybernetics.de\/wp-content\/uploads\/unik-logo_2x2.png","width":200,"height":200,"caption":"Logo Unik Hair"},{"@type":"BreadcrumbList","@id":"https:\/\/biocybernetics.de\/en\/unik-gegen-haarausfall\/#breadcrumb","itemListElement":[{"@type":"ListItem","position":1,"name":"Startseite","item":"https:\/\/biocybernetics.de\/en\/"},{"@type":"ListItem","position":2,"name":"UNIK HAIR &#8211; SHAMPOO &#038; HAIR TONIC gegen Haarausfall"}]},{"@type":"WebSite","@id":"https:\/\/biocybernetics.de\/en\/#website","url":"https:\/\/biocybernetics.de\/en\/","name":"Biocybernetics GmbH","description":"Innovative Nahrungserg\u00e4nzung seit 1988","publisher":{"@id":"https:\/\/biocybernetics.de\/en\/#organization"},"potentialAction":[{"@type":"SearchAction","target":{"@type":"EntryPoint","urlTemplate":"https:\/\/biocybernetics.de\/en\/?s={search_term_string}"},"query-input":{"@type":"PropertyValueSpecification","valueRequired":true,"valueName":"search_term_string"}}],"inLanguage":"en-US"},{"@type":"Organization","@id":"https:\/\/biocybernetics.de\/en\/#organization","name":"Biocybernetics GmbH","alternateName":"Biocybernetics","url":"https:\/\/biocybernetics.de\/en\/","logo":{"@type":"ImageObject","inLanguage":"en-US","@id":"https:\/\/biocybernetics.de\/en\/#\/schema\/logo\/image\/","url":"https:\/\/biocybernetics.de\/wp-content\/uploads\/BIO-ORIG-PRASI.png","contentUrl":"https:\/\/biocybernetics.de\/wp-content\/uploads\/BIO-ORIG-PRASI.png","width":501,"height":165,"caption":"Biocybernetics GmbH"},"image":{"@id":"https:\/\/biocybernetics.de\/en\/#\/schema\/logo\/image\/"},"sameAs":["https:\/\/www.facebook.com\/BiocyberneticsDE\/","https:\/\/x.com\/Biocybernetics_","https:\/\/www.instagram.com\/biocybernetics\/"]}]}},"_links":{"self":[{"href":"https:\/\/biocybernetics.de\/en\/wp-json\/wp\/v2\/pages\/21242","targetHints":{"allow":["GET"]}}],"collection":[{"href":"https:\/\/biocybernetics.de\/en\/wp-json\/wp\/v2\/pages"}],"about":[{"href":"https:\/\/biocybernetics.de\/en\/wp-json\/wp\/v2\/types\/page"}],"author":[{"embeddable":true,"href":"https:\/\/biocybernetics.de\/en\/wp-json\/wp\/v2\/users\/2"}],"replies":[{"embeddable":true,"href":"https:\/\/biocybernetics.de\/en\/wp-json\/wp\/v2\/comments?post=21242"}],"version-history":[{"count":0,"href":"https:\/\/biocybernetics.de\/en\/wp-json\/wp\/v2\/pages\/21242\/revisions"}],"wp:featuredmedia":[{"embeddable":true,"href":"https:\/\/biocybernetics.de\/en\/wp-json\/wp\/v2\/media\/21054"}],"wp:attachment":[{"href":"https:\/\/biocybernetics.de\/en\/wp-json\/wp\/v2\/media?parent=21242"}],"curies":[{"name":"wp","href":"https:\/\/api.w.org\/{rel}","templated":true}]}}